{"id":1029,"date":"2018-11-07T16:15:31","date_gmt":"2018-11-07T15:15:31","guid":{"rendered":"https:\/\/www.budo-sport.be\/budos\/?page_id=1029"},"modified":"2018-11-09T00:00:35","modified_gmt":"2018-11-08T23:00:35","slug":"politique-de-confidentialite","status":"publish","type":"page","link":"https:\/\/www.budo-sport.be\/budos\/politique-de-confidentialite\/","title":{"rendered":"Politique de confidentialit\u00e9"},"content":{"rendered":"<p style=\"text-align: center;\"><strong>POLITIQUE DE CONFIDENTIALIT\u00c9<br \/>\nBUDO SPORT <\/strong><\/p>\n<p style=\"text-align: center;\">Nous prenons au s\u00e9rieux la protection et le respect de la vie priv\u00e9e des utilisateurs de notre site web et prenons les mesures n\u00e9cessaires pour le garantir. Nous nous engageons donc \u00e0 respecter la confidentialit\u00e9 des renseignements personnels que nous collectons selon les modalit\u00e9s d\u00e9crites ci-dessous. Nos utilisateurs trouveront dans la pr\u00e9sente Politique de confidentialit\u00e9 les renseignements personnels que nous collectons \u00e0 leur sujet, \u00e0 quelles fins ces renseignements sont utilis\u00e9s, les moyens de les collecter, les moyens dont les utilisateurs disposent pour s\u2019opposer \u00e0 la collecte ainsi que les mesures de s\u00e9curit\u00e9 prises pour prot\u00e9ger leurs renseignements personnels.<\/p>\n<ol>\n<li><strong>COLLECTE DE RENSEIGNEMENTS PERSONNELS<\/strong><\/li>\n<\/ol>\n<p>Nous collectons les renseignements suivants :<\/p>\n<ul>\n<li>Nom<\/li>\n<li>Pr\u00e9nom<\/li>\n<li>Adresse postale<\/li>\n<li>Code postal<\/li>\n<li>Adresse \u00e9lectronique<\/li>\n<li>Num\u00e9ro de t\u00e9l\u00e9phone \/ t\u00e9l\u00e9copieur<\/li>\n<\/ul>\n<p>Les renseignements personnels que nous collectons sont recueillis par l\u2019entremise des modes de collecte d\u00e9crits ci-bas, dans les sections \u00ab Formulaires et modes de collecte \u00bb et suivantes.<\/p>\n<ol>\n<li><strong>FORMULAIRES ET MODES DE COLLECTE<\/strong><\/li>\n<\/ol>\n<p>Vos renseignements personnels sont collect\u00e9s par l\u2019entremise des m\u00e9thodes suivantes :<\/p>\n<ul>\n<li>Formulaire d\u2019inscription au site Web<\/li>\n<li>Formulaire de commande<\/li>\n<li>Formulaire contact<\/li>\n<\/ul>\n<p>Nous utilisons les renseignements ainsi collect\u00e9s pour les finalit\u00e9s suivantes :<\/p>\n<ul>\n<li>Suivis de commande<\/li>\n<li>Statistiques<\/li>\n<li>Contact<\/li>\n<li>Gestion du site Web (pr\u00e9sentation, organisation)<\/li>\n<\/ul>\n<ol>\n<li><strong>INTERACTIVIT\u00c9<\/strong><\/li>\n<\/ol>\n<p>Vos renseignements sont \u00e9galement collect\u00e9s par le biais de l\u2019interactivit\u00e9 pouvant s\u2019\u00e9tablir entre vous et notre site Web. Ces renseignements sont collect\u00e9s par les moyens suivants :<\/p>\n<ul>\n<li>Commentaires<\/li>\n<li>Correspondance<\/li>\n<\/ul>\n<p>Nous utilisons les renseignements ainsi collect\u00e9s pour les finalit\u00e9s suivantes :<\/p>\n<ul>\n<li>Contact<\/li>\n<li>Gestion du site Web (pr\u00e9sentation, organisation)<\/li>\n<\/ul>\n<ol>\n<li><strong>FICHIERS JOURNAUX ET T\u00c9MOINS<\/strong><\/li>\n<\/ol>\n<p>Nous recueillons certaines informations par le biais de fichiers journaux (log file) et de fichiers t\u00e9moins (cookies). Il s\u2019agit principalement des informations suivantes :<\/p>\n<ul>\n<li>Adresse IP<\/li>\n<li>Syst\u00e8me d\u2019exploitation<\/li>\n<li>Pages visit\u00e9es et requ\u00eates<\/li>\n<li>Heure et jour de connexion<\/li>\n<\/ul>\n<p>Le recours \u00e0 de tels fichiers nous permet d\u2019atteindre les objectifs suivants :<\/p>\n<ul>\n<li>Am\u00e9lioration du service et accueil personnalis\u00e9<\/li>\n<li>Suivis de commande<\/li>\n<li>\u00c9tudes statistiques<\/li>\n<\/ul>\n<ol>\n<li><strong>DROIT D\u2019OPPOSITION ET DE RETRAIT<\/strong><\/li>\n<\/ol>\n<p>Nous nous engageons \u00e0 vous offrir un droit d\u2019opposition et de retrait quant \u00e0 vos renseignements personnels.<\/p>\n<p>Le droit d\u2019opposition s\u2019entend comme \u00e9tant la possibilit\u00e9 offerte aux internautes de refuser que leurs renseignements personnels soient utilis\u00e9s \u00e0 certaines fins mentionn\u00e9es lors de la collecte.<\/p>\n<p>Le droit de retrait s\u2019entend comme \u00e9tant la possibilit\u00e9 offerte aux internautes de demander que leurs renseignements personnels ne figurent plus, par exemple, dans une liste de diffusion.<\/p>\n<p>Pour pouvoir exercer ces droits, vous pouvez rejoindre les propri\u00e9taires du site web et leur faire parvenir un avis leur faisant part de votre opposition \u00e0 l\u2019utilisation de vos renseignements personnels pour les fins qui ne vous conviennent pas ou leur faire parvenir votre demande de retrait \u00e0 l\u2019adresse qui suit :<\/p>\n<p><strong>BUDO SPORT<\/strong><\/p>\n<p><em>Adresse postale :<\/em><\/p>\n<p>Rue du Christ, 102<\/p>\n<p>7700 Mouscron<\/p>\n<p>Belgique<\/p>\n<p>T\u00e9l. : +32 (0)56 84 75 58<\/p>\n<p>E-mail : sales@budo-sport.be<\/p>\n<p><a href=\"https:\/\/www.budo-sport.be\/budos\/contact\/\"><strong>Ou via notre formulaire de contact<\/strong><\/a><\/p>\n<ol>\n<li><strong>DROIT D\u2019ACC\u00c8S<\/strong><\/li>\n<\/ol>\n<p>Nous nous engageons \u00e0 reconna\u00eetre<a href=\"https:\/\/www.budo-sport.be\/budos\/acces-a-vos-donnees\/\"> <strong>un droit d\u2019acc\u00e8s<\/strong><\/a> et de rectification aux personnes concern\u00e9es d\u00e9sireuses de consulter, modifier, voir radier les informations les concernant.<\/p>\n<p>L\u2019exercice de ce droit se fera par l\u2019envoi d\u2019un avis aux propri\u00e9taires du site web \u00e0 l\u2019adresse suivante :<\/p>\n<p><strong>BUDO SPORT<\/strong><\/p>\n<p><em>Adresse postale :<\/em><\/p>\n<p>Rue du Christ, 102<\/p>\n<p>7700 Mouscron<\/p>\n<p>Belgique<\/p>\n<p>T\u00e9l. : +32 (0)56 84 75 58<\/p>\n<p>E-mail : sales@budo-sport.be<\/p>\n<p><a href=\"https:\/\/www.budo-sport.be\/budos\/contact\/\"><strong>Ou via notre formulaire de contact<\/strong><\/a><\/p>\n<ol>\n<li><strong>S\u00c9CURIT\u00c9<\/strong><\/li>\n<\/ol>\n<p>Les renseignements personnels que nous collectons sont conserv\u00e9s dans un environnement s\u00e9curis\u00e9. Les personnes travaillant pour nous sont tenues de respecter la confidentialit\u00e9 de vos informations.<\/p>\n<p>Pour assurer la s\u00e9curit\u00e9 de vos renseignements personnels, nous avons recours aux mesures suivantes :<\/p>\n<ul>\n<li>Protocole SSL (Secure Sockets Layer)<\/li>\n<li>Protocole SET (Secure Electronic Transaction)<\/li>\n<li>Gestion des acc\u00e8s \u00e2 personne autoris\u00e9e<\/li>\n<li>Sauvegarde informatique<\/li>\n<li>Identifiant \/ mot de passe<\/li>\n<li>Parefeu (Firewalls)<\/li>\n<\/ul>\n<p>Nous nous engageons \u00e0 maintenir un haut degr\u00e9 de confidentialit\u00e9 en int\u00e9grant les derni\u00e8res innovations technologiques permettant d\u2019assurer la confidentialit\u00e9 de vos transactions. Toutefois, comme aucun m\u00e9canisme n\u2019offre une s\u00e9curit\u00e9 maximale, une part de risque est toujours pr\u00e9sente lorsque l\u2019on utilise Internet pour transmettre des renseignements personnels.<\/p>\n<ol>\n<li><strong>DONN\u00c9ES COLLECT\u00c9ES PAR DES TIERS<\/strong><\/li>\n<\/ol>\n<p>En nous suivant par les liens li\u00e9s aux r\u00e9seaux sociaux, pensez aux donn\u00e9es collect\u00e9es par des tiers.<\/p>\n<p><strong>Partage de vos donn\u00e9es<\/strong><\/p>\n<p>Votre shop en ligne Budo Sport ne partage jamais et ne revends jamais vos donn\u00e9es, elles vous appartiennent. Il y a n\u00e9anmoins quelques informations vous concernant qui doivent \u00eatre transmises \u00e0 nos prestataires de paiements, ces informations servent \u00e0 \u00e9viter les paiements frauduleux et permettent de certifier qu&rsquo;il s&rsquo;agit bien de vous. Ces informations sont les suivantes :<\/p>\n<ul>\n<li>Votre nom et pr\u00e9nom<\/li>\n<li>Le montant de votre commande<\/li>\n<li>La r\u00e9f\u00e9rence interne \u00ab\u00a0Budo Sport\u00a0\u00bb de votre commande nous permettant d&rsquo;associer les paiements aux diff\u00e9rentes commandes pass\u00e9es sur notre shop..<\/li>\n<\/ul>\n<p>Il en va de m\u00eame dans le sens inverse, nos prestataires de paiements ne nous envoient aucunes informations concernant vos comptes, acc\u00e8s, adresses enregistr\u00e9es, \u00e0 l&rsquo;exception d&rsquo;un retour d&rsquo;acceptation lorsque le paiement est accept\u00e9 par le prestataire.<\/p>\n<p>Notre site internet \u00e9tant un e-commerce, il va de soi que nous communiquons vos noms, pr\u00e9noms et adresse de livraison \u00e0 notre prestataire de livraison ( BPost par exemple )<\/p>\n<p>Hormis ces quelques informations obligatoires au bon fonctionnement d&rsquo;un site e-commerce, en achetant chez Budo Sport, vous vous assurez que vos donn\u00e9es personnelles sont bien prot\u00e9g\u00e9es et non divulgu\u00e9es.<\/p>\n<ol>\n<li><strong>L\u00c9GISLATION<\/strong><\/li>\n<\/ol>\n<p>Nous nous engageons \u00e0 respecter les dispositions l\u00e9gislatives.<\/p>\n","protected":false},"excerpt":{"rendered":"<p>POLITIQUE DE CONFIDENTIALIT\u00c9 BUDO SPORT Nous prenons au s\u00e9rieux la protection et le respect de la vie priv\u00e9e des utilisateurs de notre site web et prenons les mesures n\u00e9cessaires pour le garantir. Nous nous engageons donc \u00e0 respecter la confidentialit\u00e9 des renseignements personnels que nous collectons selon les modalit\u00e9s d\u00e9crites ci-dessous. Nos utilisateurs trouveront dans [&hellip;]<\/p>\n","protected":false},"author":1,"featured_media":0,"parent":0,"menu_order":0,"comment_status":"closed","ping_status":"closed","template":"","meta":{"footnotes":""},"class_list":["post-1029","page","type-page","status-publish","hentry"],"_links":{"self":[{"href":"https:\/\/www.budo-sport.be\/budos\/wp-json\/wp\/v2\/pages\/1029","targetHints":{"allow":["GET"]}}],"collection":[{"href":"https:\/\/www.budo-sport.be\/budos\/wp-json\/wp\/v2\/pages"}],"about":[{"href":"https:\/\/www.budo-sport.be\/budos\/wp-json\/wp\/v2\/types\/page"}],"author":[{"embeddable":true,"href":"https:\/\/www.budo-sport.be\/budos\/wp-json\/wp\/v2\/users\/1"}],"replies":[{"embeddable":true,"href":"https:\/\/www.budo-sport.be\/budos\/wp-json\/wp\/v2\/comments?post=1029"}],"version-history":[{"count":3,"href":"https:\/\/www.budo-sport.be\/budos\/wp-json\/wp\/v2\/pages\/1029\/revisions"}],"predecessor-version":[{"id":1178,"href":"https:\/\/www.budo-sport.be\/budos\/wp-json\/wp\/v2\/pages\/1029\/revisions\/1178"}],"wp:attachment":[{"href":"https:\/\/www.budo-sport.be\/budos\/wp-json\/wp\/v2\/media?parent=1029"}],"curies":[{"name":"wp","href":"https:\/\/api.w.org\/{rel}","templated":true}]}}