{"id":9,"date":"2013-02-28T17:44:20","date_gmt":"2013-02-28T16:44:20","guid":{"rendered":"https:\/\/www.budo-sport.be\/budos\/paiement-securise\/"},"modified":"2013-02-28T17:44:20","modified_gmt":"2013-02-28T16:44:20","slug":"paiement-securise","status":"publish","type":"page","link":"https:\/\/www.budo-sport.be\/budos\/paiement-securise\/","title":{"rendered":"Paiement s\u00e9curis\u00e9"},"content":{"rendered":"<p><span style=\"color: #000000;\"><span style=\"font-size: small;\"><strong><span style=\"font-family: 'Verdana'; font-weight: 600;\"><span style=\"font-size: 12pt;\">MODALITES DE PAIEMENT 100 % s\u00e9curis\u00e9<br \/><\/span><\/span><\/strong><\/span><\/span><\/p>\n<p style=\"text-align: justify; margin-bottom: 0cm;\"><span style=\"font-family: verdana,geneva; color: #000000;\"><span style=\"font-size: 8pt;\">Lors de la validation de la commande, vous choisissez l\u2019un des modes de paiement suivants (tous sont enti\u00e8rement s\u00e9curis\u00e9s: le serveur est en mode crypt\u00e9 sous le protocole SSL (Secure Socket Layer) et toutes les informations v\u00e9hicul\u00e9es sont cod\u00e9es. Rien ne transite en clair sur le r\u00e9seau<\/span><\/span><\/p>\n<p style=\"text-align: justify; margin-bottom: 0cm;\"><span style=\"font-family: verdana,geneva; color: #000000;\"><span style=\"font-size: 8pt;\"><span style=\"font-family: verdana,geneva;\"><span style=\"font-size: x-small;\"><span style=\"font-size: 8pt;\">Par CB &#8211; Visa &#8211; Mastercard &#8211; American Express &#8211; Carte Aurore\u00a0<\/span><\/span><\/span><\/span><\/span><\/p>\n<p style=\"margin: 0px; text-indent: 0px;\"><span style=\"color: #000000;\"><span style=\"font-size: 8pt;\"><span style=\"font-family: verdana,geneva;\">Vous pouvez payer par les diff\u00e9rentes cartes ci-dessous. Nous utilisons la plateforme <\/span><\/span><span style=\"font-size: 8pt;\"><span style=\"font-family: verdana,geneva;\"><em>Ogone<\/em><\/span><\/span><\/span><\/p>\n<p style=\"margin: 0px; text-indent: 0px;\"><span style=\"font-family: verdana,geneva; color: #000000;\"><strong><span style=\"font-size: x-small;\"><span style=\"font-weight: 600;\"><span style=\"font-size: 8pt;\"><strong>Par Virement Bancaire<\/strong> <\/span><\/span><\/span><\/strong><span style=\"font-size: x-small;\"><span style=\"font-size: 8pt;\">(unique\u00a0 m\u00e9thode de paiement \u00e0 ce jour)<\/span><\/span><span style=\"font-size: x-small;\"><span style=\"font-size: 8pt;\"><br \/><\/span><\/span><\/span><\/p>\n<p style=\"margin: 0px; text-indent: 0px;\"><span style=\"font-family: verdana,geneva; color: #000000;\"><span style=\"font-size: x-small;\"><span style=\"font-size: 8pt;\">En validant votre commande, Budo-sport.be vous envoie automatiquement un e-mail avec les informations relatives au virement \u00e0 effectuer.<\/span><\/span><span style=\"font-size: x-small;\"><span style=\"font-size: 8pt;\"><br \/><\/span><\/span><\/span><\/p>\n<p style=\"text-align: justify; margin-bottom: 0cm;\"><span style=\"font-family: verdana,geneva; color: #000000;\"><strong><span style=\"font-size: 8pt;\"><span style=\"font-weight: 600;\"><span style=\"font-size: 8pt;\"><strong>Par OGONE<\/strong> <\/span><\/span><\/span><\/strong><span style=\"font-size: 8pt;\"><span style=\"font-size: 8pt;\">(prochainement disponnible)<\/span><\/span><span style=\"font-size: 8pt;\"><span style=\"font-size: 8pt;\"><br \/><\/span><\/span><\/span><\/p>\n<p style=\"text-align: justify; margin-bottom: 0cm;\"><span style=\"font-family: verdana,geneva; color: #000000;\"><span style=\"font-size: 8pt;\"><span style=\"font-size: 8pt;\">Avec Ogone vos informations financi\u00e8res ne sont jamais communiqu\u00e9es \u00e0 budo-sport.be. Ogone crypte et prot\u00e8ge votre num\u00e9ro de carte une fois pour toutes. Payez en ligne <\/span>avec 80 m\u00e9thodes de paiement et 200 banques \u00e0 travers le monde, Ogone vous propose une solution cl\u00e9 en main pour stimuler et s\u00e9curiser vos paiements en ligne !<\/span><\/span><\/p>\n<p style=\"margin-bottom: 0cm; text-align: center;\"><span style=\"font-family: verdana,geneva;\"><strong><span style=\"color: #888888;\"><span style=\"font-size: 8pt;\"><img loading=\"lazy\" decoding=\"async\" title=\"Nos solutions de paiement\" src=\"http:\/\/budo-sport.be\/budoshop\/img\/cms\/ogone100pc.jpg\" alt=\"Logo paiement\" width=\"175\" height=\"117\" \/><br \/><\/span><\/span><\/strong><\/span><\/p>\n","protected":false},"excerpt":{"rendered":"<p>MODALITES DE PAIEMENT 100 % s\u00e9curis\u00e9 Lors de la validation de la commande, vous choisissez l\u2019un des modes de paiement suivants (tous sont enti\u00e8rement s\u00e9curis\u00e9s: le serveur est en mode crypt\u00e9 sous le protocole SSL (Secure Socket Layer) et toutes les informations v\u00e9hicul\u00e9es sont cod\u00e9es. Rien ne transite en clair sur le r\u00e9seau Par CB [&hellip;]<\/p>\n","protected":false},"author":1,"featured_media":0,"parent":0,"menu_order":4,"comment_status":"closed","ping_status":"closed","template":"","meta":{"footnotes":""},"class_list":["post-9","page","type-page","status-publish","hentry"],"_links":{"self":[{"href":"https:\/\/www.budo-sport.be\/budos\/wp-json\/wp\/v2\/pages\/9","targetHints":{"allow":["GET"]}}],"collection":[{"href":"https:\/\/www.budo-sport.be\/budos\/wp-json\/wp\/v2\/pages"}],"about":[{"href":"https:\/\/www.budo-sport.be\/budos\/wp-json\/wp\/v2\/types\/page"}],"author":[{"embeddable":true,"href":"https:\/\/www.budo-sport.be\/budos\/wp-json\/wp\/v2\/users\/1"}],"replies":[{"embeddable":true,"href":"https:\/\/www.budo-sport.be\/budos\/wp-json\/wp\/v2\/comments?post=9"}],"version-history":[{"count":0,"href":"https:\/\/www.budo-sport.be\/budos\/wp-json\/wp\/v2\/pages\/9\/revisions"}],"wp:attachment":[{"href":"https:\/\/www.budo-sport.be\/budos\/wp-json\/wp\/v2\/media?parent=9"}],"curies":[{"name":"wp","href":"https:\/\/api.w.org\/{rel}","templated":true}]}}