{"id":324,"date":"2013-03-05T20:35:39","date_gmt":"2013-03-05T19:35:39","guid":{"rendered":"https:\/\/www.budo-sport.be\/budos\/produit\/protege-tibia-et-pieds-elasto\/"},"modified":"2023-03-30T13:59:54","modified_gmt":"2023-03-30T11:59:54","slug":"protege-tibia-et-pieds-elasto","status":"publish","type":"product","link":"https:\/\/www.budo-sport.be\/budos\/produit\/protege-tibia-et-pieds-elasto\/","title":{"rendered":"Prot\u00e8ge tibia et pieds \u00e9lasto"},"content":{"rendered":"","protected":false},"excerpt":{"rendered":"<p>Prot\u00e8ge tibia et pieds \u00e9lasto en coton<\/p>\n","protected":false},"featured_media":1143,"template":"","meta":[],"product_brand":[],"product_cat":[30,13],"product_tag":[157,132,153,152,133],"class_list":{"0":"post-324","1":"product","2":"type-product","3":"status-publish","4":"has-post-thumbnail","6":"product_cat-protections-arts-martiaux","7":"product_cat-protections-de-boxe","8":"product_tag-boxe","9":"product_tag-budo","10":"product_tag-combat","11":"product_tag-equipement","12":"product_tag-sport","13":"pa_couleur-32-blanc","14":"pa_couleur-69-bleu","15":"pa_couleur-13-noir","16":"pa_couleur-a2-rouge","17":"pa_taillexxs-ad-l","18":"pa_taillexxs-e1-m","19":"pa_taillexxs-1b-s","20":"pa_taillexxs-4c-xl","21":"pa_taillexxs-6f-xs","23":"first","24":"instock","25":"sold-individually","26":"taxable","27":"shipping-taxable","28":"purchasable","29":"product-type-variable","30":"has-default-attributes"},"_links":{"self":[{"href":"https:\/\/www.budo-sport.be\/budos\/wp-json\/wp\/v2\/product\/324","targetHints":{"allow":["GET"]}}],"collection":[{"href":"https:\/\/www.budo-sport.be\/budos\/wp-json\/wp\/v2\/product"}],"about":[{"href":"https:\/\/www.budo-sport.be\/budos\/wp-json\/wp\/v2\/types\/product"}],"wp:featuredmedia":[{"embeddable":true,"href":"https:\/\/www.budo-sport.be\/budos\/wp-json\/wp\/v2\/media\/1143"}],"wp:attachment":[{"href":"https:\/\/www.budo-sport.be\/budos\/wp-json\/wp\/v2\/media?parent=324"}],"wp:term":[{"taxonomy":"product_brand","embeddable":true,"href":"https:\/\/www.budo-sport.be\/budos\/wp-json\/wp\/v2\/product_brand?post=324"},{"taxonomy":"product_cat","embeddable":true,"href":"https:\/\/www.budo-sport.be\/budos\/wp-json\/wp\/v2\/product_cat?post=324"},{"taxonomy":"product_tag","embeddable":true,"href":"https:\/\/www.budo-sport.be\/budos\/wp-json\/wp\/v2\/product_tag?post=324"}],"curies":[{"name":"wp","href":"https:\/\/api.w.org\/{rel}","templated":true}]}}