{"id":41,"date":"2013-03-02T15:31:43","date_gmt":"2013-03-02T14:31:43","guid":{"rendered":"https:\/\/www.budo-sport.be\/budos\/produit\/dobok\/"},"modified":"2022-12-13T10:18:04","modified_gmt":"2022-12-13T09:18:04","slug":"dobok","status":"publish","type":"product","link":"https:\/\/www.budo-sport.be\/budos\/produit\/dobok\/","title":{"rendered":"Dobok"},"content":{"rendered":"","protected":false},"excerpt":{"rendered":"<p>Dobok col blanc avec broderies 2 couleurs dans le dos et sur le pantalon Veste,pantalon avec \u00e9lastique \u00e0 la taille,ceinture blanche 100% coton(cotel\u00e9)<\/p>\n","protected":false},"featured_media":1043,"template":"","meta":[],"product_brand":[],"product_cat":[24],"product_tag":[132,141,133,140],"class_list":{"0":"post-41","1":"product","2":"type-product","3":"status-publish","4":"has-post-thumbnail","6":"product_cat-taekwondo","7":"product_tag-budo","8":"product_tag-dobok","9":"product_tag-sport","10":"product_tag-taekwondo","11":"pa_taillecm-11-120","12":"pa_taillecm-08-130","13":"pa_taillecm-47-140","14":"pa_taillecm-61","15":"pa_taillecm-75-160","16":"pa_taillecm-6c-170","17":"pa_taillecm-eb-180","18":"pa_taillecm-f2-190","19":"pa_taillecm-21-200","21":"first","22":"instock","23":"taxable","24":"shipping-taxable","25":"purchasable","26":"product-type-variable","27":"has-default-attributes"},"_links":{"self":[{"href":"https:\/\/www.budo-sport.be\/budos\/wp-json\/wp\/v2\/product\/41","targetHints":{"allow":["GET"]}}],"collection":[{"href":"https:\/\/www.budo-sport.be\/budos\/wp-json\/wp\/v2\/product"}],"about":[{"href":"https:\/\/www.budo-sport.be\/budos\/wp-json\/wp\/v2\/types\/product"}],"wp:featuredmedia":[{"embeddable":true,"href":"https:\/\/www.budo-sport.be\/budos\/wp-json\/wp\/v2\/media\/1043"}],"wp:attachment":[{"href":"https:\/\/www.budo-sport.be\/budos\/wp-json\/wp\/v2\/media?parent=41"}],"wp:term":[{"taxonomy":"product_brand","embeddable":true,"href":"https:\/\/www.budo-sport.be\/budos\/wp-json\/wp\/v2\/product_brand?post=41"},{"taxonomy":"product_cat","embeddable":true,"href":"https:\/\/www.budo-sport.be\/budos\/wp-json\/wp\/v2\/product_cat?post=41"},{"taxonomy":"product_tag","embeddable":true,"href":"https:\/\/www.budo-sport.be\/budos\/wp-json\/wp\/v2\/product_tag?post=41"}],"curies":[{"name":"wp","href":"https:\/\/api.w.org\/{rel}","templated":true}]}}