{"id":446,"date":"2013-09-06T21:49:59","date_gmt":"2013-09-06T19:49:59","guid":{"rendered":"https:\/\/www.budo-sport.be\/budos\/produit\/pantalon-noir\/"},"modified":"2023-08-29T16:44:25","modified_gmt":"2023-08-29T14:44:25","slug":"pantalon-noir","status":"publish","type":"product","link":"https:\/\/www.budo-sport.be\/budos\/produit\/pantalon-noir\/","title":{"rendered":"Pantalon noir"},"content":{"rendered":"","protected":false},"excerpt":{"rendered":"<p>Pantalon style karat\u00e9 \u00e9lastiqu\u00e9 \u00e0 la taille<\/p>\n","protected":false},"featured_media":1070,"template":"","meta":[],"product_brand":[],"product_cat":[33,17],"product_tag":[],"class_list":{"0":"post-446","1":"product","2":"type-product","3":"status-publish","4":"has-post-thumbnail","6":"product_cat-karate","7":"product_cat-krav-maga","8":"pa_couleur-13-noir","9":"pa_taillecm-11-120","10":"pa_taillecm-08-130","11":"pa_taillecm-47-140","12":"pa_taillecm-61","13":"pa_taillecm-75-160","14":"pa_taillecm-6c-170","15":"pa_taillecm-eb-180","16":"pa_taillecm-f2-190","17":"pa_taillecm-21-200","19":"first","20":"instock","21":"taxable","22":"shipping-taxable","23":"purchasable","24":"product-type-simple"},"_links":{"self":[{"href":"https:\/\/www.budo-sport.be\/budos\/wp-json\/wp\/v2\/product\/446","targetHints":{"allow":["GET"]}}],"collection":[{"href":"https:\/\/www.budo-sport.be\/budos\/wp-json\/wp\/v2\/product"}],"about":[{"href":"https:\/\/www.budo-sport.be\/budos\/wp-json\/wp\/v2\/types\/product"}],"wp:featuredmedia":[{"embeddable":true,"href":"https:\/\/www.budo-sport.be\/budos\/wp-json\/wp\/v2\/media\/1070"}],"wp:attachment":[{"href":"https:\/\/www.budo-sport.be\/budos\/wp-json\/wp\/v2\/media?parent=446"}],"wp:term":[{"taxonomy":"product_brand","embeddable":true,"href":"https:\/\/www.budo-sport.be\/budos\/wp-json\/wp\/v2\/product_brand?post=446"},{"taxonomy":"product_cat","embeddable":true,"href":"https:\/\/www.budo-sport.be\/budos\/wp-json\/wp\/v2\/product_cat?post=446"},{"taxonomy":"product_tag","embeddable":true,"href":"https:\/\/www.budo-sport.be\/budos\/wp-json\/wp\/v2\/product_tag?post=446"}],"curies":[{"name":"wp","href":"https:\/\/api.w.org\/{rel}","templated":true}]}}